{"id":32,"date":"2015-09-19T10:43:49","date_gmt":"2015-09-19T10:43:49","guid":{"rendered":"http:\/\/mit-taktgefuehl.de\/?page_id=32"},"modified":"2018-07-04T18:22:28","modified_gmt":"2018-07-04T16:22:28","slug":"impressum","status":"publish","type":"page","link":"https:\/\/mit-taktgefuehl.de\/?page_id=32","title":{"rendered":"Impressum \/ Datenschutz"},"content":{"rendered":"<p>Mandolinen-Ensemble Taktgef\u00fchl<br \/>\nAm J\u00e4gerheim 5<br \/>\n33378 Rheda-Wiedenbr\u00fcck<br \/>\nTelefon +49 5242 8475<\/p>\n<p>Vertretungsberechtigter Vorstand:<\/p>\n<p>Anne Stemmer,\u00a0Am J\u00e4gerheim 5, 33378 Rheda-Wiedenbr\u00fcck<br \/>\nBeate Pielsticker, F\u00fcrstenbergstr. 22, 33378 Rheda-Wiedenbr\u00fcck<br \/>\nLudger Borgmeier, Schusterstr. 6, 33449 Langenberg<\/p>\n<p><a name=\"1\"><\/a>Haftungsausschluss<\/p>\n<p><b><span style=\"font-size: small;\">1. Inhalt des Onlineangebotes<\/span><\/b><br \/>\nDer Autor \u00fcbernimmt keinerlei Gew\u00e4hr f\u00fcr die Aktualit\u00e4t, Korrektheit, Vollst\u00e4ndigkeit oder Qualit\u00e4t der bereitgestellten Informationen. Haftungsanspr\u00fcche gegen den Autor, welche sich auf Sch\u00e4den materieller oder ideeller Art beziehen, die durch die Nutzung oder Nichtnutzung der dargebotenen Informationen bzw. durch die Nutzung fehlerhafter und unvollst\u00e4ndiger Informationen verursacht wurden, sind grunds\u00e4tzlich ausgeschlossen, sofern seitens des Autors kein nachweislich vors\u00e4tzliches oder grob fahrl\u00e4ssiges Verschulden vorliegt.<br \/>\nAlle Angebote sind freibleibend und unverbindlich. Der Autor beh\u00e4lt es sich ausdr\u00fccklich vor, Teile der Seiten oder das gesamte Angebot ohne gesonderte Ank\u00fcndigung zu ver\u00e4ndern, zu erg\u00e4nzen, zu l\u00f6schen oder die Ver\u00f6ffentlichung zeitweise oder endg\u00fcltig einzustellen.<\/p>\n<p><b><span style=\"font-size: small;\">2. Verweise und Links<\/span><\/b><br \/>\nBei direkten oder indirekten Verweisen auf fremde Webseiten (&#8222;Hyperlinks&#8220;), die au\u00dferhalb des Verantwortungsbereiches des Autors liegen, w\u00fcrde eine Haftungsverpflichtung ausschlie\u00dflich in dem Fall in Kraft treten, in dem der Autor von den Inhalten Kenntnis hat und es ihm technisch m\u00f6glich und zumutbar w\u00e4re, die Nutzung im Falle rechtswidriger Inhalte zu verhindern.<br \/>\nDer Autor erkl\u00e4rt hiermit ausdr\u00fccklich, dass zum Zeitpunkt der Linksetzung keine illegalen Inhalte auf den zu verlinkenden Seiten erkennbar waren. Auf die aktuelle und zuk\u00fcnftige Gestaltung, die Inhalte oder die Urheberschaft der verlinkten\/verkn\u00fcpften Seiten hat der Autor keinerlei Einfluss. Deshalb distanziert er sich hiermit ausdr\u00fccklich von allen Inhalten aller verlinkten \/verkn\u00fcpften Seiten, die nach der Linksetzung ver\u00e4ndert wurden. Diese Feststellung gilt f\u00fcr alle innerhalb des eigenen Internetangebotes gesetzten Links und Verweise sowie f\u00fcr Fremdeintr\u00e4ge in vom Autor eingerichteten G\u00e4steb\u00fcchern, Diskussionsforen, Linkverzeichnissen, Mailinglisten und in allen anderen Formen von Datenbanken, auf deren Inhalt externe Schreibzugriffe m\u00f6glich sind. F\u00fcr illegale, fehlerhafte oder unvollst\u00e4ndige Inhalte und insbesondere f\u00fcr Sch\u00e4den, die aus der Nutzung oder Nichtnutzung solcherart dargebotener Informationen entstehen, haftet allein der Anbieter der Seite, auf welche verwiesen wurde, nicht derjenige, der \u00fcber Links auf die jeweilige Ver\u00f6ffentlichung lediglich verweist.<\/p>\n<p><b><span style=\"font-size: small;\">3. Urheber- und Kennzeichenrecht<\/span><\/b><br \/>\nDer Autor ist bestrebt, in allen Publikationen die Urheberrechte der verwendeten Bilder, Grafiken, Tondokumente, Videosequenzen und Texte zu beachten, von ihm selbst erstellte Bilder, Grafiken, Tondokumente, Videosequenzen und Texte zu nutzen oder auf lizenzfreie Grafiken, Tondokumente, Videosequenzen und Texte zur\u00fcckzugreifen.<br \/>\nAlle innerhalb des Internetangebotes genannten und ggf. durch Dritte gesch\u00fctzten Marken- und Warenzeichen unterliegen uneingeschr\u00e4nkt den Bestimmungen des jeweils g\u00fcltigen Kennzeichenrechts und den Besitzrechten der jeweiligen eingetragenen Eigent\u00fcmer. Allein aufgrund der blo\u00dfen Nennung ist nicht der Schluss zu ziehen, dass Markenzeichen nicht durch Rechte Dritter gesch\u00fctzt sind!<br \/>\nDas Copyright f\u00fcr ver\u00f6ffentlichte, vom Autor selbst erstellte Objekte bleibt allein beim Autor der Seiten. Eine Vervielf\u00e4ltigung oder Verwendung solcher Grafiken, Tondokumente, Videosequenzen und Texte in anderen elektronischen oder gedruckten Publikationen ist ohne ausdr\u00fcckliche Zustimmung des Autors nicht gestattet.<\/p>\n<p><b><span style=\"font-size: small;\">4. Datenschutz<\/span><\/b><br \/>\nErkl\u00e4rung zum Datenschutz<\/p>\n<div>\n<p>Erkl\u00e4rung zum Datenschutz f\u00fcr das Mandolinen-Ensemble Taktgef\u00fchl<\/p>\n<ul>\n<li><strong>Vorwort<\/strong><br \/>\nWir nehmen den Schutz Ihrer privaten Daten ernst. Die besondere Beachtung der Privatsph\u00e4re bei der Verarbeitung pers\u00f6nlicher Daten ist uns ein wichtiges Anliegen. Pers\u00f6nliche Daten werden gem\u00e4\u00df den Bestimmungen des Bundesdatensschutzgesetzes BDSG verwendet. Die Betreiber dieser Website verpflichten sich zur Verschwiegenheit. Diese Webseiten k\u00f6nnen Links zu Webseiten anderer Anbieter enthalten, auf die sich diese Datenschutzerkl\u00e4rung nicht erstreckt.<\/li>\n<li><strong>Personenbezogene Daten<\/strong><br \/>\nPersonenbezogene Daten sind Informationen, die dazu genutzt werden k\u00f6nnen, die Identit\u00e4t zu erfahren. Darunter fallen Informationen wie richtiger Name, Adresse, Postanschrift, Telefonnummer. Informationen, die nicht direkt mit der wirklichen Identit\u00e4t in Verbindung gebracht werden (wie zum Beispiel favorisierte Webseiten oder Anzahl der Nutzer einer Site) fallen nicht darunter.<br \/>\nMan kann unser Online-Angebot grunds\u00e4tzlich ohne Offenlegung der Identit\u00e4t nutzen.<\/li>\n<li><strong>Weitergabe personenbezogener Daten<\/strong><br \/>\nWir verwenden personenbezogene Informationen nur f\u00fcr diese Webseite. Wir geben die Informationen nicht ohne ausdr\u00fcckliches Einverst\u00e4ndnis an Dritte weiter. Sollten im Rahmen der Auftragsdatenverarbeitung Daten an Dienstleister weitergegeben werden, so sind diese an das Bundesdatenschutzgesetz BDSG, andere gesetzliche Vorschriften und an diese Privacy Policy gebunden.<br \/>\nErhebungen beziehungsweise \u00dcbermittlungen pers\u00f6nlicher Daten an staatliche Einrichtungen und Beh\u00f6rden erfolgen nur im Rahmen zwingender Rechtsvorschriften.<\/li>\n<li><strong>Einsatz von Cookies<\/strong><br \/>\nWir setzen Cookies &#8211; kleine Dateien mit Konfigurationsinformationen &#8211; ein. Sie helfen dabei, benutzerindividuelle Einstellungen zu ermitteln und spezielle Benutzerfunktionen zu realisieren. Wir erfassen keine personenbezogenen Daten \u00fcber Cookies. S\u00e4mtliche Funktionen der Website sind auch ohne Cookies einsetzbar, einige benutzerdefinierte Eigenschaften und Einstellungen sind dann allerdings nicht verf\u00fcgbar.<\/li>\n<li><strong>Kinder<\/strong><br \/>\nPersonen unter 18 Jahren sollten ohne Zustimmung der Eltern oder Erziehungsberechtigten keine personenbezogenen Daten an uns \u00fcbermitteln. Wir fordern keine personenbezogenen Daten von Kindern an, sammeln diese nicht und geben sie nicht an Dritte weiter.<\/li>\n<li><strong>Recht auf Widerruf<\/strong><br \/>\nWenn Sie uns personenbezogene Daten \u00fcberlassen haben, k\u00f6nnen Sie diese jederzeit im Benutzerprofil wieder \u00e4ndern und l\u00f6schen. F\u00fcr eine vollst\u00e4ndige L\u00f6schung des Accounts bitte an den Webmaster wenden. Bis zu diesem Zeitpunkt erfolgte Beitr\u00e4ge in Foren, Kommentaren, Terminank\u00fcndigungen und Artikeln bleiben allerdings unter Umst\u00e4nden erhalten.<\/li>\n<li><strong>Links zu anderen Websites<\/strong><br \/>\nUnser Online-Angebot enth\u00e4lt Links zu anderen Websites. Wir haben keinen Einfluss darauf, dass deren Betreiber die Datenschutzbestimmungen einhalten.<\/li>\n<li><strong>Beitr\u00e4ge<\/strong><br \/>\nDie Beitr\u00e4ge auf unserer Seite sind f\u00fcr jeden zug\u00e4nglich. Beitr\u00e4ge sollten vor der Ver\u00f6ffentlichung sorgf\u00e4ltig darauf \u00fcberpr\u00fcft werden, ob sie Angaben enthalten, die nicht f\u00fcr die \u00d6ffentlichkeit bestimmt sind. Die Beitr\u00e4ge werden m\u00f6glicherweise in Suchmaschinen erfasst und auch ohne gezielten Aufruf dieser Website weltweit zugreifbar.<\/li>\n<li><strong>Fragen und Kommentare<\/strong><br \/>\nBei Fragen und f\u00fcr Anregungen und Kommentare zum Thema Datenschutz bitte per Mail an den\u00a0Webmaster\u00a0wenden.<\/li>\n<li><strong>Auskunftsrecht<\/strong><br \/>\nSie haben jederzeit das Recht auf Auskunft \u00fcber die bez\u00fcglich Ihrer Person gespeicherten Daten, deren Herkunft und Empf\u00e4nger sowie den Zweck der Datenverarbeitung. Auskunft \u00fcber die gespeicherten Daten gibt der Webmaster.<\/li>\n<li><strong>Sicherheitshinweis:<\/strong><br \/>\nWir sind bem\u00fcht Ihre personenbezogenen Daten durch Ergreifung aller technischen und organisatorischen M\u00f6glichkeiten so zu speichern, dass sie f\u00fcr Dritte nicht zug\u00e4nglich sind. Bei der Kommunikation per E Mail kann die vollst\u00e4ndige Datensicherheit von uns nicht gew\u00e4hrleistet werden, so dass wir Ihnen bei vertraulichen Informationen den Postweg empfehlen.<\/li>\n<\/ul>\n<\/div>\n<p><b><span style=\"font-size: small;\">5. Rechtswirksamkeit dieses Haftungsausschlusses<\/span><\/b><br \/>\nDieser Haftungsausschluss ist als Teil des Internetangebotes zu betrachten, von dem aus auf diese Seite verwiesen wurde. Sofern Teile oder einzelne Formulierungen dieses Textes der geltenden Rechtslage nicht, nicht mehr oder nicht vollst\u00e4ndig entsprechen sollten, bleiben die \u00fcbrigen Teile des Dokumentes in ihrem Inhalt und ihrer G\u00fcltigkeit davon unber\u00fchrt.<\/p>\n","protected":false},"excerpt":{"rendered":"<p>Mandolinen-Ensemble Taktgef\u00fchl Am J\u00e4gerheim 5 33378 Rheda-Wiedenbr\u00fcck Telefon +49 5242 8475 Vertretungsberechtigter Vorstand: Anne Stemmer,\u00a0Am J\u00e4gerheim 5, 33378 Rheda-Wiedenbr\u00fcck Beate Pielsticker, F\u00fcrstenbergstr. 22, 33378 Rheda-Wiedenbr\u00fcck Ludger Borgmeier, Schusterstr. 6, 33449 Langenberg Haftungsausschluss 1. Inhalt des Onlineangebotes Der Autor \u00fcbernimmt keinerlei Gew\u00e4hr f\u00fcr die Aktualit\u00e4t, Korrektheit, Vollst\u00e4ndigkeit oder Qualit\u00e4t der bereitgestellten Informationen. Haftungsanspr\u00fcche gegen den Autor, &hellip; <a href=\"https:\/\/mit-taktgefuehl.de\/?page_id=32\" class=\"more-link\"><span class=\"screen-reader-text\">Impressum \/ Datenschutz<\/span> weiterlesen <span class=\"meta-nav\">&rarr;<\/span><\/a><\/p>\n","protected":false},"author":1,"featured_media":0,"parent":0,"menu_order":999,"comment_status":"closed","ping_status":"closed","template":"","meta":{"_mi_skip_tracking":false,"_monsterinsights_sitenote_active":false,"_monsterinsights_sitenote_note":"","_monsterinsights_sitenote_category":0,"footnotes":""},"class_list":["post-32","page","type-page","status-publish","hentry"],"_links":{"self":[{"href":"https:\/\/mit-taktgefuehl.de\/index.php?rest_route=\/wp\/v2\/pages\/32","targetHints":{"allow":["GET"]}}],"collection":[{"href":"https:\/\/mit-taktgefuehl.de\/index.php?rest_route=\/wp\/v2\/pages"}],"about":[{"href":"https:\/\/mit-taktgefuehl.de\/index.php?rest_route=\/wp\/v2\/types\/page"}],"author":[{"embeddable":true,"href":"https:\/\/mit-taktgefuehl.de\/index.php?rest_route=\/wp\/v2\/users\/1"}],"replies":[{"embeddable":true,"href":"https:\/\/mit-taktgefuehl.de\/index.php?rest_route=%2Fwp%2Fv2%2Fcomments&post=32"}],"version-history":[{"count":8,"href":"https:\/\/mit-taktgefuehl.de\/index.php?rest_route=\/wp\/v2\/pages\/32\/revisions"}],"predecessor-version":[{"id":506,"href":"https:\/\/mit-taktgefuehl.de\/index.php?rest_route=\/wp\/v2\/pages\/32\/revisions\/506"}],"wp:attachment":[{"href":"https:\/\/mit-taktgefuehl.de\/index.php?rest_route=%2Fwp%2Fv2%2Fmedia&parent=32"}],"curies":[{"name":"wp","href":"https:\/\/api.w.org\/{rel}","templated":true}]}}