{"id":5,"date":"2015-09-19T09:39:05","date_gmt":"2015-09-19T09:39:05","guid":{"rendered":"http:\/\/mit-taktgefuehl.de\/?page_id=5"},"modified":"2026-02-01T13:52:23","modified_gmt":"2026-02-01T12:52:23","slug":"home","status":"publish","type":"page","link":"https:\/\/mit-taktgefuehl.de\/","title":{"rendered":"Home"},"content":{"rendered":"\n<h1 class=\"wp-block-heading has-text-align-center\">Willkommen<br>in der Welt der Zupfmusik<\/h1>\n\n\n\n<p class=\"has-text-align-center\"><br><\/p>\n\n\n<div class=\"wp-block-image\">\n<figure class=\"aligncenter size-full\"><a href=\"http:\/\/mit-taktgefuehl.de\/wp-content\/uploads\/2019\/04\/MandolineGitarre.jpg\"><img loading=\"lazy\" decoding=\"async\" width=\"606\" height=\"454\" src=\"http:\/\/mit-taktgefuehl.de\/wp-content\/uploads\/2019\/04\/MandolineGitarre.jpg\" alt=\"\" class=\"wp-image-590\" srcset=\"https:\/\/mit-taktgefuehl.de\/wp-content\/uploads\/2019\/04\/MandolineGitarre.jpg 606w, https:\/\/mit-taktgefuehl.de\/wp-content\/uploads\/2019\/04\/MandolineGitarre-300x225.jpg 300w\" sizes=\"auto, (max-width: 606px) 100vw, 606px\" \/><\/a><\/figure>\n<\/div>\n\n\n<p class=\"has-text-align-center\">19.02.2026 19:00 Jahreshauptversammlung (nur Mitglieder)<br>Die Probe f\u00e4llt an diesem Donnerstag aus.<br><br>Die <span style=\"color: #000000;\">Proben finden immer<\/span><br><span style=\"color: #000000;\">donnerstags ab 19:15 Uhr<\/span> (au\u00dfer an Feiertagen)<br><span style=\"color: #000000;\">im Vereinsraum der Postdammschule<\/span><br><span style=\"color: #000000;\">Kapellenstra\u00dfe 95, Rheda-Wiedenbr\u00fcck OT Lintel<\/span> statt.<br><span style=\"color: #000000;\">Neue Mitspieler sind herzlich willkommen.<\/span><\/p>\n\n\n\n<p class=\"has-text-align-center\">E-Mail: taktgefuehl.lintel@gmail.com<br><\/p>\n\n\n\n<p><\/p>\n","protected":false},"excerpt":{"rendered":"<p>Willkommenin der Welt der Zupfmusik 19.02.2026 19:00 Jahreshauptversammlung (nur Mitglieder)Die Probe f\u00e4llt an diesem Donnerstag aus. Die Proben finden immerdonnerstags ab 19:15 Uhr (au\u00dfer an Feiertagen)im Vereinsraum der PostdammschuleKapellenstra\u00dfe 95, Rheda-Wiedenbr\u00fcck OT Lintel statt.Neue Mitspieler sind herzlich willkommen. E-Mail: taktgefuehl.lintel@gmail.com<\/p>\n","protected":false},"author":1,"featured_media":0,"parent":0,"menu_order":9,"comment_status":"closed","ping_status":"closed","template":"","meta":{"_mi_skip_tracking":false,"_monsterinsights_sitenote_active":false,"_monsterinsights_sitenote_note":"","_monsterinsights_sitenote_category":0,"footnotes":""},"class_list":["post-5","page","type-page","status-publish","hentry"],"_links":{"self":[{"href":"https:\/\/mit-taktgefuehl.de\/index.php?rest_route=\/wp\/v2\/pages\/5","targetHints":{"allow":["GET"]}}],"collection":[{"href":"https:\/\/mit-taktgefuehl.de\/index.php?rest_route=\/wp\/v2\/pages"}],"about":[{"href":"https:\/\/mit-taktgefuehl.de\/index.php?rest_route=\/wp\/v2\/types\/page"}],"author":[{"embeddable":true,"href":"https:\/\/mit-taktgefuehl.de\/index.php?rest_route=\/wp\/v2\/users\/1"}],"replies":[{"embeddable":true,"href":"https:\/\/mit-taktgefuehl.de\/index.php?rest_route=%2Fwp%2Fv2%2Fcomments&post=5"}],"version-history":[{"count":205,"href":"https:\/\/mit-taktgefuehl.de\/index.php?rest_route=\/wp\/v2\/pages\/5\/revisions"}],"predecessor-version":[{"id":1152,"href":"https:\/\/mit-taktgefuehl.de\/index.php?rest_route=\/wp\/v2\/pages\/5\/revisions\/1152"}],"wp:attachment":[{"href":"https:\/\/mit-taktgefuehl.de\/index.php?rest_route=%2Fwp%2Fv2%2Fmedia&parent=5"}],"curies":[{"name":"wp","href":"https:\/\/api.w.org\/{rel}","templated":true}]}}